{"id":185,"date":"2021-09-07T18:27:38","date_gmt":"2021-09-07T18:27:38","guid":{"rendered":"https:\/\/vettickets.ca\/?page_id=185"},"modified":"2021-09-07T20:45:40","modified_gmt":"2021-09-07T20:45:40","slug":"nos-partenaires","status":"publish","type":"page","link":"https:\/\/vettickets.ca\/?page_id=185&lang=fr","title":{"rendered":"Nos partenaires"},"content":{"rendered":"<p>[et_pb_section fb_built=&#8221;1&#8243; fullwidth=&#8221;on&#8221; _builder_version=&#8221;4.9.9&#8243; _module_preset=&#8221;default&#8221;][et_pb_fullwidth_image _builder_version=&#8221;4.9.9&#8243; _module_preset=&#8221;default&#8221; background_color=&#8221;#E02B20&#8243; height=&#8221;15px&#8221;][\/et_pb_fullwidth_image][\/et_pb_section][et_pb_section fb_built=&#8221;1&#8243; _builder_version=&#8221;4.9.9&#8243; _module_preset=&#8221;default&#8221; custom_padding=&#8221;6px||6px|||&#8221;][et_pb_row _builder_version=&#8221;4.9.9&#8243; _module_preset=&#8221;default&#8221;][et_pb_column type=&#8221;4_4&#8243; _builder_version=&#8221;4.9.9&#8243; _module_preset=&#8221;default&#8221;][et_pb_text _builder_version=&#8221;4.9.9&#8243; _module_preset=&#8221;default&#8221; text_font=&#8221;Times New Roman||||||||&#8221; text_font_size=&#8221;23px&#8221; text_line_height=&#8221;1.3em&#8221; header_font=&#8221;Times New Roman|700|||||||&#8221; header_text_align=&#8221;center&#8221; header_text_color=&#8221;#000000&#8243; header_font_size=&#8221;40px&#8221; text_orientation=&#8221;center&#8221;]<\/p>\n<h1>NOS PARTENAIRES<\/h1>\n<p>[\/et_pb_text][et_pb_text _builder_version=&#8221;4.9.9&#8243; _module_preset=&#8221;default&#8221;]<\/p>\n<p style=\"text-align: center;\">Nous travaillons en partenariat avec des organisations d&#8217;anciens combattants locales pour fournir des billets pour des \u00e9v\u00e9nements sportifs, des concerts, des pi\u00e8ces de th\u00e9\u00e2tre et d&#8217;autres spectacles. Si vous \u00eates une organisation locale d&#8217;anciens combattants, veuillez nous contacter \u00e0 <a href=\"mailto:info@vettickets.ca\">info@vettickets.ca<\/a><\/p>\n<p>[\/et_pb_text][et_pb_gallery gallery_ids=&#8221;154,155&#8243; show_title_and_caption=&#8221;off&#8221; show_pagination=&#8221;off&#8221; _builder_version=&#8221;4.9.9&#8243; _module_preset=&#8221;default&#8221;][\/et_pb_gallery][\/et_pb_column][\/et_pb_row][\/et_pb_section][et_pb_section fb_built=&#8221;1&#8243; _builder_version=&#8221;4.9.9&#8243; _module_preset=&#8221;default&#8221; custom_padding=&#8221;4px|||||&#8221;][et_pb_row _builder_version=&#8221;4.9.9&#8243; _module_preset=&#8221;default&#8221;][et_pb_column type=&#8221;4_4&#8243; _builder_version=&#8221;4.9.9&#8243; _module_preset=&#8221;default&#8221;][et_pb_text _builder_version=&#8221;4.9.9&#8243; _module_preset=&#8221;default&#8221; text_font=&#8221;Times New Roman||||||||&#8221; text_font_size=&#8221;23px&#8221; text_line_height=&#8221;1.3em&#8221; header_font=&#8221;Times New Roman|700|||||||&#8221; header_text_align=&#8221;center&#8221; header_text_color=&#8221;#000000&#8243; header_font_size=&#8221;40px&#8221; text_orientation=&#8221;center&#8221;]<\/p>\n<h1>PARTENAIRES LOGICIELS<\/h1>\n<p>[\/et_pb_text][et_pb_gallery gallery_ids=&#8221;153,157&#8243; show_title_and_caption=&#8221;off&#8221; show_pagination=&#8221;off&#8221; _builder_version=&#8221;4.9.9&#8243; _module_preset=&#8221;default&#8221;][\/et_pb_gallery][\/et_pb_column][\/et_pb_row][\/et_pb_section][et_pb_section fb_built=&#8221;1&#8243; _builder_version=&#8221;4.9.9&#8243; _module_preset=&#8221;default&#8221; custom_padding=&#8221;8px||31px|||&#8221;][et_pb_row _builder_version=&#8221;4.9.9&#8243; _module_preset=&#8221;default&#8221;][et_pb_column type=&#8221;4_4&#8243; _builder_version=&#8221;4.9.9&#8243; _module_preset=&#8221;default&#8221;][et_pb_text _builder_version=&#8221;4.9.9&#8243; _module_preset=&#8221;default&#8221; text_font=&#8221;Times New Roman||||||||&#8221; text_font_size=&#8221;23px&#8221; text_line_height=&#8221;1.3em&#8221; header_font=&#8221;Times New Roman|700|||||||&#8221; header_text_align=&#8221;center&#8221; header_text_color=&#8221;#000000&#8243; header_font_size=&#8221;40px&#8221; text_orientation=&#8221;center&#8221;]<\/p>\n<h1>CR\u00c9ER DES SOUVENIRS \u00c9TERNELS<\/h1>\n<p>Scannez et t\u00e9l\u00e9chargez simplement votre billet pour qu&#8217;il soit donn\u00e9 \u00e0 un v\u00e9t\u00e9ran canadien m\u00e9ritant. Vous n&#8217;avez pas de billets ? 100% de tous les dons en esp\u00e8ces sont affect\u00e9s \u00e0 l&#8217;achat et \u00e0 la distribution de plus de billets pour nos v\u00e9t\u00e9rans.<\/p>\n<p>[\/et_pb_text][\/et_pb_column][\/et_pb_row][et_pb_row column_structure=&#8221;1_2,1_2&#8243; _builder_version=&#8221;4.9.9&#8243; _module_preset=&#8221;default&#8221;][et_pb_column type=&#8221;1_2&#8243; _builder_version=&#8221;4.9.9&#8243; _module_preset=&#8221;default&#8221;][et_pb_button button_url=&#8221;https:\/\/vettickets.ca\/?page_id=203&#038;lang=fr&#8221; button_text=&#8221;Je suis un v\u00e9t\u00e9ran&#8221; button_alignment=&#8221;right&#8221; button_alignment_tablet=&#8221;&#8221; button_alignment_phone=&#8221;center&#8221; button_alignment_last_edited=&#8221;on|phone&#8221; _builder_version=&#8221;4.9.9&#8243; _module_preset=&#8221;default&#8221; custom_button=&#8221;on&#8221; button_text_size=&#8221;30px&#8221; button_text_color=&#8221;#FFFFFF&#8221; button_bg_color=&#8221;#E02B20&#8243; button_font=&#8221;Times New Roman|700|||||||&#8221; button_use_icon=&#8221;off&#8221; custom_padding=&#8221;|80px||80px|false|false&#8221; hover_enabled=&#8221;0&#8243; sticky_enabled=&#8221;0&#8243;][\/et_pb_button][\/et_pb_column][et_pb_column type=&#8221;1_2&#8243; _builder_version=&#8221;4.9.9&#8243; _module_preset=&#8221;default&#8221;][et_pb_button button_url=&#8221;https:\/\/vettickets.ca\/?page_id=205&#038;lang=fr&#8221; button_text=&#8221;Donnez vos billets&#8221; button_alignment=&#8221;left&#8221; button_alignment_tablet=&#8221;&#8221; button_alignment_phone=&#8221;center&#8221; button_alignment_last_edited=&#8221;on|phone&#8221; _builder_version=&#8221;4.9.9&#8243; _module_preset=&#8221;default&#8221; custom_button=&#8221;on&#8221; button_text_size=&#8221;30px&#8221; button_text_color=&#8221;#FFFFFF&#8221; button_bg_color=&#8221;#E02B20&#8243; button_font=&#8221;Times New Roman|700|||||||&#8221; button_use_icon=&#8221;off&#8221; hover_enabled=&#8221;0&#8243; sticky_enabled=&#8221;0&#8243;][\/et_pb_button][\/et_pb_column][\/et_pb_row][\/et_pb_section]<\/p>\n","protected":false},"excerpt":{"rendered":"<p>NOS PARTENAIRESNous travaillons en partenariat avec des organisations d&#8217;anciens combattants locales pour fournir des billets pour des \u00e9v\u00e9nements sportifs, des concerts, des pi\u00e8ces de th\u00e9\u00e2tre et d&#8217;autres spectacles. Si vous \u00eates une organisation locale d&#8217;anciens combattants, veuillez nous contacter \u00e0 info@vettickets.caPARTENAIRES LOGICIELSCR\u00c9ER DES SOUVENIRS \u00c9TERNELS Scannez et t\u00e9l\u00e9chargez simplement votre billet pour qu&#8217;il soit donn\u00e9 [&hellip;]<\/p>\n","protected":false},"author":1,"featured_media":0,"parent":0,"menu_order":0,"comment_status":"closed","ping_status":"closed","template":"","meta":{"give_campaign_id":0,"_et_pb_use_builder":"on","_et_pb_old_content":"<!-- wp:divi\/placeholder -->\n[et_pb_section fb_built=\"1\" fullwidth=\"on\" _builder_version=\"4.9.9\" _module_preset=\"default\"][et_pb_fullwidth_image _builder_version=\"4.9.9\" _module_preset=\"default\" background_color=\"#E02B20\" height=\"15px\"][\/et_pb_fullwidth_image][\/et_pb_section][et_pb_section fb_built=\"1\" _builder_version=\"4.9.9\" _module_preset=\"default\" custom_padding=\"6px||6px|||\"][et_pb_row _builder_version=\"4.9.9\" _module_preset=\"default\"][et_pb_column type=\"4_4\" _builder_version=\"4.9.9\" _module_preset=\"default\"][et_pb_text _builder_version=\"4.9.9\" _module_preset=\"default\" text_font=\"Times New Roman||||||||\" text_font_size=\"23px\" text_line_height=\"1.3em\" header_font=\"Times New Roman|700|||||||\" header_text_align=\"center\" header_text_color=\"#000000\" header_font_size=\"40px\" text_orientation=\"center\"]<h1>OUR PARTNERS<\/h1>[\/et_pb_text][et_pb_text _builder_version=\"4.9.9\" _module_preset=\"default\"]<p style=\"text-align: center;\">We partner with local Veteran Organizations to provide tickets to sporting events, concerts, plays and other performances. If you are a local veterans organizations please <a href=\"https:\/\/vettickets.ca\/?page_id=146\">contact us<\/a> at <a href=\"mailto:info@vettickets.ca\">info@vettickets.ca<\/a><\/p>[\/et_pb_text][et_pb_gallery gallery_ids=\"154,155\" show_title_and_caption=\"off\" show_pagination=\"off\" _builder_version=\"4.9.9\" _module_preset=\"default\" hover_enabled=\"0\" sticky_enabled=\"0\"][\/et_pb_gallery][\/et_pb_column][\/et_pb_row][\/et_pb_section][et_pb_section fb_built=\"1\" _builder_version=\"4.9.9\" _module_preset=\"default\" custom_padding=\"4px|||||\"][et_pb_row _builder_version=\"4.9.9\" _module_preset=\"default\"][et_pb_column type=\"4_4\" _builder_version=\"4.9.9\" _module_preset=\"default\"][et_pb_text _builder_version=\"4.9.9\" _module_preset=\"default\" text_font=\"Times New Roman||||||||\" text_font_size=\"23px\" text_line_height=\"1.3em\" header_font=\"Times New Roman|700|||||||\" header_text_align=\"center\" header_text_color=\"#000000\" header_font_size=\"40px\" text_orientation=\"center\"]<h1>SOFTWARE PARTNERS<\/h1>[\/et_pb_text][et_pb_gallery gallery_ids=\"153,157\" show_title_and_caption=\"off\" show_pagination=\"off\" _builder_version=\"4.9.9\" _module_preset=\"default\" hover_enabled=\"0\" sticky_enabled=\"0\"][\/et_pb_gallery][\/et_pb_column][\/et_pb_row][\/et_pb_section][et_pb_section fb_built=\"1\" _builder_version=\"4.9.9\" _module_preset=\"default\" custom_padding=\"8px||31px|||\"][et_pb_row _builder_version=\"4.9.9\" _module_preset=\"default\"][et_pb_column type=\"4_4\" _builder_version=\"4.9.9\" _module_preset=\"default\"][et_pb_text _builder_version=\"4.9.9\" _module_preset=\"default\" text_font=\"Times New Roman||||||||\" text_font_size=\"23px\" text_line_height=\"1.3em\" header_font=\"Times New Roman|700|||||||\" header_text_align=\"center\" header_text_color=\"#000000\" header_font_size=\"40px\" text_orientation=\"center\"]<h1>CREATING EVERLASTING MEMORIES<\/h1>\n<p>Simply scan and upload your ticket to have it donated to a deserving Canadian Veteran.<br \/>Don't have any tickets? 100% of all cash donations are allocated to purchasing and distributing more tickets for our Veterans.<\/p>[\/et_pb_text][\/et_pb_column][\/et_pb_row][et_pb_row column_structure=\"1_2,1_2\" _builder_version=\"4.9.9\" _module_preset=\"default\"][et_pb_column type=\"1_2\" _builder_version=\"4.9.9\" _module_preset=\"default\"][et_pb_button button_url=\"https:\/\/vettickets.ca\/?page_id=126\" button_text=\"I AM A VETERAN\" button_alignment=\"right\" button_alignment_tablet=\"\" button_alignment_phone=\"center\" button_alignment_last_edited=\"on|phone\" _builder_version=\"4.9.9\" _module_preset=\"default\" custom_button=\"on\" button_text_size=\"30px\" button_text_color=\"#FFFFFF\" button_bg_color=\"#E02B20\" button_font=\"Times New Roman|700|||||||\" button_use_icon=\"off\" custom_padding=\"|80px||80px|false|false\"][\/et_pb_button][\/et_pb_column][et_pb_column type=\"1_2\" _builder_version=\"4.9.9\" _module_preset=\"default\"][et_pb_button button_url=\"https:\/\/vettickets.ca\/?page_id=108\" button_text=\"DONATE YOUR TICKETS\" button_alignment=\"left\" button_alignment_tablet=\"\" button_alignment_phone=\"center\" button_alignment_last_edited=\"on|phone\" _builder_version=\"4.9.9\" _module_preset=\"default\" custom_button=\"on\" button_text_size=\"30px\" button_text_color=\"#FFFFFF\" button_bg_color=\"#E02B20\" button_font=\"Times New Roman|700|||||||\" button_use_icon=\"off\"][\/et_pb_button][\/et_pb_column][\/et_pb_row][\/et_pb_section]\n<!-- \/wp:divi\/placeholder -->","_et_gb_content_width":"","footnotes":""},"class_list":["post-185","page","type-page","status-publish","hentry"],"campaignId":"","featured_image_src":null,"featured_image_src_square":null,"_links":{"self":[{"href":"https:\/\/vettickets.ca\/index.php?rest_route=\/wp\/v2\/pages\/185","targetHints":{"allow":["GET"]}}],"collection":[{"href":"https:\/\/vettickets.ca\/index.php?rest_route=\/wp\/v2\/pages"}],"about":[{"href":"https:\/\/vettickets.ca\/index.php?rest_route=\/wp\/v2\/types\/page"}],"author":[{"embeddable":true,"href":"https:\/\/vettickets.ca\/index.php?rest_route=\/wp\/v2\/users\/1"}],"replies":[{"embeddable":true,"href":"https:\/\/vettickets.ca\/index.php?rest_route=%2Fwp%2Fv2%2Fcomments&post=185"}],"version-history":[{"count":0,"href":"https:\/\/vettickets.ca\/index.php?rest_route=\/wp\/v2\/pages\/185\/revisions"}],"wp:attachment":[{"href":"https:\/\/vettickets.ca\/index.php?rest_route=%2Fwp%2Fv2%2Fmedia&parent=185"}],"curies":[{"name":"wp","href":"https:\/\/api.w.org\/{rel}","templated":true}]}}