{"id":203,"date":"2021-09-07T19:53:00","date_gmt":"2021-09-07T19:53:00","guid":{"rendered":"https:\/\/vettickets.ca\/?page_id=203"},"modified":"2021-11-08T14:40:56","modified_gmt":"2021-11-08T14:40:56","slug":"des-billets","status":"publish","type":"page","link":"https:\/\/vettickets.ca\/?page_id=203&lang=fr","title":{"rendered":"Des billets"},"content":{"rendered":"<p>[et_pb_section fb_built=&#8221;1&#8243; fullwidth=&#8221;on&#8221; _builder_version=&#8221;4.9.9&#8243; _module_preset=&#8221;default&#8221; global_colors_info=&#8221;{}&#8221;][et_pb_fullwidth_image _builder_version=&#8221;4.9.9&#8243; _module_preset=&#8221;default&#8221; background_color=&#8221;#E02B20&#8243; height=&#8221;15px&#8221; global_colors_info=&#8221;{}&#8221;][\/et_pb_fullwidth_image][\/et_pb_section][et_pb_section fb_built=&#8221;1&#8243; _builder_version=&#8221;4.9.9&#8243; _module_preset=&#8221;default&#8221; custom_padding=&#8221;6px||6px|||&#8221; global_colors_info=&#8221;{}&#8221;][et_pb_row _builder_version=&#8221;4.9.9&#8243; _module_preset=&#8221;default&#8221; global_colors_info=&#8221;{}&#8221;][et_pb_column type=&#8221;4_4&#8243; _builder_version=&#8221;4.9.9&#8243; _module_preset=&#8221;default&#8221; global_colors_info=&#8221;{}&#8221;][et_pb_text _builder_version=&#8221;4.9.9&#8243; _module_preset=&#8221;default&#8221; text_font=&#8221;Times New Roman||||||||&#8221; text_font_size=&#8221;23px&#8221; text_line_height=&#8221;1.3em&#8221; header_font=&#8221;Times New Roman|700|||||||&#8221; header_text_align=&#8221;center&#8221; header_text_color=&#8221;#000000&#8243; header_font_size=&#8221;40px&#8221; text_orientation=&#8221;center&#8221; global_colors_info=&#8221;{}&#8221;]<\/p>\n<h1>DON DE BILLETS<\/h1>\n<p>[\/et_pb_text][\/et_pb_column][\/et_pb_row][et_pb_row _builder_version=&#8221;4.9.9&#8243; _module_preset=&#8221;default&#8221; global_colors_info=&#8221;{}&#8221;][et_pb_column type=&#8221;4_4&#8243; _builder_version=&#8221;4.9.9&#8243; _module_preset=&#8221;default&#8221; global_colors_info=&#8221;{}&#8221;][et_pb_text _builder_version=&#8221;4.9.9&#8243; _module_preset=&#8221;default&#8221; global_colors_info=&#8221;{}&#8221;]<\/p>\n<p>Nous sommes tellement chanceux de vivre au Canada et avons tellement de raisons de dire merci \u00e0 nos militaires. Aidez \u00e0 montrer \u00e0 nos anciens combattants que nous appr\u00e9cions leur service. Assister \u00e0 des \u00e9v\u00e9nements communautaires tels que des concerts, des \u00e9v\u00e9nements sportifs, des pi\u00e8ces de th\u00e9\u00e2tre et d&#8217;autres spectacles est le moyen le plus efficace de dire merci \u00e0 nos h\u00e9ros canadiens. Vos g\u00e9n\u00e9reux don de billets montrent votre soutien \u00e0 nos anciens combattants et cr\u00e9ent de nouveaux souvenirs, des liens communautaires et des opportunit\u00e9s de r\u00e9int\u00e9gration.<\/p>\n<p><strong>Avis de non-responsabilit\u00e9 : Vet Tickets n&#8217;est exploit\u00e9 qu&#8217;en Ontario et au Qu\u00e9bec.<\/strong><\/p>\n<p>[\/et_pb_text][\/et_pb_column][\/et_pb_row][\/et_pb_section][et_pb_section fb_built=&#8221;1&#8243; _builder_version=&#8221;4.9.9&#8243; _module_preset=&#8221;default&#8221; custom_padding=&#8221;8px||31px|||&#8221; global_colors_info=&#8221;{}&#8221;][et_pb_row column_structure=&#8221;1_2,1_2&#8243; _builder_version=&#8221;4.9.9&#8243; _module_preset=&#8221;default&#8221; global_colors_info=&#8221;{}&#8221;][et_pb_column type=&#8221;1_2&#8243; _builder_version=&#8221;4.9.9&#8243; _module_preset=&#8221;default&#8221; global_colors_info=&#8221;{}&#8221;][et_pb_text _builder_version=&#8221;4.9.9&#8243; _module_preset=&#8221;default&#8221; global_colors_info=&#8221;{}&#8221;]<\/p>\n<p style=\"text-align: center;\">Cliquez ci-dessous pour envoyer des dons \u00e0 utiliser pour l&#8217;achat de billets pour tout \u00e9v\u00e9nements. 100 pour cent de l&#8217;argent donn\u00e9 ici sera utilis\u00e9 pour acheter des billets pour les anciens combattants.<\/p>\n<p>[\/et_pb_text][\/et_pb_column][et_pb_column type=&#8221;1_2&#8243; _builder_version=&#8221;4.9.9&#8243; _module_preset=&#8221;default&#8221; global_colors_info=&#8221;{}&#8221;][et_pb_text _builder_version=&#8221;4.9.9&#8243; _module_preset=&#8221;default&#8221; custom_padding=&#8221;||0px|||&#8221; global_colors_info=&#8221;{}&#8221;]<\/p>\n<p style=\"text-align: center;\">Cliquez ci-dessous pour faire don de vos billets et aidez \u00e0 cr\u00e9er un souvenir qui sera ch\u00e9ri toute votre vie.<\/p>\n<p>[\/et_pb_text][\/et_pb_column][\/et_pb_row][et_pb_row column_structure=&#8221;1_2,1_2&#8243; _builder_version=&#8221;4.9.9&#8243; _module_preset=&#8221;default&#8221; global_colors_info=&#8221;{}&#8221;][et_pb_column type=&#8221;1_2&#8243; _builder_version=&#8221;4.9.9&#8243; _module_preset=&#8221;default&#8221; global_colors_info=&#8221;{}&#8221;][et_pb_button button_url=&#8221;https:\/\/vettickets.ca\/?page_id=205&#038;lang=fr&#8221; button_text=&#8221;Donner de l\u2019argent&#8221; button_alignment=&#8221;right&#8221; button_alignment_tablet=&#8221;&#8221; button_alignment_phone=&#8221;center&#8221; button_alignment_last_edited=&#8221;on|phone&#8221; _builder_version=&#8221;4.9.9&#8243; _module_preset=&#8221;default&#8221; custom_button=&#8221;on&#8221; button_text_size=&#8221;30px&#8221; button_text_color=&#8221;#FFFFFF&#8221; button_bg_color=&#8221;#E02B20&#8243; button_font=&#8221;Times New Roman|700|||||||&#8221; button_use_icon=&#8221;off&#8221; custom_padding=&#8221;|80px||80px|false|false&#8221; global_colors_info=&#8221;{}&#8221;][\/et_pb_button][\/et_pb_column][et_pb_column type=&#8221;1_2&#8243; _builder_version=&#8221;4.9.9&#8243; _module_preset=&#8221;default&#8221; global_colors_info=&#8221;{}&#8221;][et_pb_button button_text=&#8221;Donnez vos billets&#8221; button_alignment=&#8221;left&#8221; button_alignment_tablet=&#8221;&#8221; button_alignment_phone=&#8221;center&#8221; button_alignment_last_edited=&#8221;on|phone&#8221; _builder_version=&#8221;4.9.9&#8243; _module_preset=&#8221;default&#8221; custom_button=&#8221;on&#8221; button_text_size=&#8221;30px&#8221; button_text_color=&#8221;#FFFFFF&#8221; button_bg_color=&#8221;#E02B20&#8243; button_font=&#8221;Times New Roman|700|||||||&#8221; button_use_icon=&#8221;off&#8221; global_colors_info=&#8221;{}&#8221;][\/et_pb_button][\/et_pb_column][\/et_pb_row][et_pb_row column_structure=&#8221;1_2,1_2&#8243; _builder_version=&#8221;4.9.9&#8243; _module_preset=&#8221;default&#8221; global_colors_info=&#8221;{}&#8221;][et_pb_column type=&#8221;1_2&#8243; _builder_version=&#8221;4.9.9&#8243; _module_preset=&#8221;default&#8221; global_colors_info=&#8221;{}&#8221;][\/et_pb_column][et_pb_column type=&#8221;1_2&#8243; _builder_version=&#8221;4.9.9&#8243; _module_preset=&#8221;default&#8221; global_colors_info=&#8221;{}&#8221;][et_pb_text _builder_version=&#8221;4.9.9&#8243; _module_preset=&#8221;default&#8221; global_colors_info=&#8221;{}&#8221;]<\/p>\n<p>Pour les billets \u00e9lectroniques, envoyez-nous un courriel \u00e0 <a href=\"mailto:tickets@vettickets.ca\">tickets@vettickets.ca<\/a> ou transf\u00e9rez via Ticketmaster ou un autre transfert \u00e9lectronique via le site d&#8217;h\u00e9bergement.<\/p>\n<p>Si vous avez des billets\u00a0 en papier que vous aimeriez donner, nous demandons aux donateurs d&#8217;envoyer les billets par courrier \u00e0 notre bureau \u00e0 l&#8217;adresse suivante:<\/p>\n<p>Fondation des anciens combattants et premiers r\u00e9pondants du Canada<br \/>1684, rue Dufferin<br \/>Toronto, ON M6H 3M1<\/p>\n<p>[\/et_pb_text][\/et_pb_column][\/et_pb_row][\/et_pb_section]<\/p>\n","protected":false},"excerpt":{"rendered":"<p>DON DE BILLETSNous sommes tellement chanceux de vivre au Canada et avons tellement de raisons de dire merci \u00e0 nos militaires. Aidez \u00e0 montrer \u00e0 nos anciens combattants que nous appr\u00e9cions leur service. Assister \u00e0 des \u00e9v\u00e9nements communautaires tels que des concerts, des \u00e9v\u00e9nements sportifs, des pi\u00e8ces de th\u00e9\u00e2tre et d&#8217;autres spectacles est le moyen [&hellip;]<\/p>\n","protected":false},"author":1,"featured_media":0,"parent":0,"menu_order":0,"comment_status":"closed","ping_status":"closed","template":"","meta":{"give_campaign_id":0,"_et_pb_use_builder":"on","_et_pb_old_content":"[et_pb_section fb_built=\"1\" fullwidth=\"on\" _builder_version=\"4.9.9\" _module_preset=\"default\"][et_pb_fullwidth_image _builder_version=\"4.9.9\" _module_preset=\"default\" background_color=\"#E02B20\" height=\"15px\"][\/et_pb_fullwidth_image][\/et_pb_section][et_pb_section fb_built=\"1\" _builder_version=\"4.9.9\" _module_preset=\"default\" custom_padding=\"6px||6px|||\"][et_pb_row _builder_version=\"4.9.9\" _module_preset=\"default\"][et_pb_column type=\"4_4\" _builder_version=\"4.9.9\" _module_preset=\"default\"][et_pb_text _builder_version=\"4.9.9\" _module_preset=\"default\" text_font=\"Times New Roman||||||||\" text_font_size=\"23px\" text_line_height=\"1.3em\" header_font=\"Times New Roman|700|||||||\" header_text_align=\"center\" header_text_color=\"#000000\" header_font_size=\"40px\" text_orientation=\"center\"]\n<h1>TICKET DONATION<\/h1>\n[\/et_pb_text][\/et_pb_column][\/et_pb_row][et_pb_row _builder_version=\"4.9.9\" _module_preset=\"default\"][et_pb_column type=\"4_4\" _builder_version=\"4.9.9\" _module_preset=\"default\"][et_pb_text _builder_version=\"4.9.9\" _module_preset=\"default\"]\n\nWe are so lucky to live in Canada and have so many reasons to say thank you to our military. Help show our veterans that we appreciate their service. Attending community events such as concerts, sporting events, plays and other performances is the most effective way to say thank you to our Canadian heroes. Your generous donated tickets shows your support for our Veterans and creates new memories, community bonding and reintegration opportunities.\n\n[\/et_pb_text][\/et_pb_column][\/et_pb_row][\/et_pb_section][et_pb_section fb_built=\"1\" _builder_version=\"4.9.9\" _module_preset=\"default\" custom_padding=\"8px||31px|||\"][et_pb_row column_structure=\"1_2,1_2\" _builder_version=\"4.9.9\" _module_preset=\"default\"][et_pb_column type=\"1_2\" _builder_version=\"4.9.9\" _module_preset=\"default\"][et_pb_text _builder_version=\"4.9.9\" _module_preset=\"default\"]\n<p style=\"text-align: center;\">Click below to send donations to be used for the purchase of event tickets. 100 percent of the money donated here will be used to purchase tickets for veterans.<\/p>\n[\/et_pb_text][\/et_pb_column][et_pb_column type=\"1_2\" _builder_version=\"4.9.9\" _module_preset=\"default\"][et_pb_text _builder_version=\"4.9.9\" _module_preset=\"default\" custom_padding=\"||0px|||\"]\n<p style=\"text-align: center;\">Click below to donate your tickets, and help create a memory that will be cherished for a lifetime<\/p>\n[\/et_pb_text][\/et_pb_column][\/et_pb_row][et_pb_row column_structure=\"1_2,1_2\" _builder_version=\"4.9.9\" _module_preset=\"default\"][et_pb_column type=\"1_2\" _builder_version=\"4.9.9\" _module_preset=\"default\"][et_pb_button button_url=\"https:\/\/vettickets.ca\/?page_id=129\" button_text=\"DONATE MONEY\" button_alignment=\"right\" button_alignment_tablet=\"\" button_alignment_phone=\"center\" button_alignment_last_edited=\"on|phone\" _builder_version=\"4.9.9\" _module_preset=\"default\" custom_button=\"on\" button_text_size=\"30px\" button_text_color=\"#FFFFFF\" button_bg_color=\"#E02B20\" button_font=\"Times New Roman|700|||||||\" button_use_icon=\"off\" custom_padding=\"|80px||80px|false|false\"][\/et_pb_button][\/et_pb_column][et_pb_column type=\"1_2\" _builder_version=\"4.9.9\" _module_preset=\"default\"][et_pb_button button_text=\"DONATE YOUR TICKETS\" button_alignment=\"left\" button_alignment_tablet=\"\" button_alignment_phone=\"center\" button_alignment_last_edited=\"on|phone\" _builder_version=\"4.9.9\" _module_preset=\"default\" custom_button=\"on\" button_text_size=\"30px\" button_text_color=\"#FFFFFF\" button_bg_color=\"#E02B20\" button_font=\"Times New Roman|700|||||||\" button_use_icon=\"off\"][\/et_pb_button][\/et_pb_column][\/et_pb_row][et_pb_row _builder_version=\"4.9.9\" _module_preset=\"default\" column_structure=\"1_2,1_2\"][et_pb_column _builder_version=\"4.9.9\" _module_preset=\"default\" type=\"1_2\"][\/et_pb_column][et_pb_column _builder_version=\"4.9.9\" _module_preset=\"default\" type=\"1_2\"][et_pb_text _builder_version=\"4.9.9\" _module_preset=\"default\" hover_enabled=\"0\" sticky_enabled=\"0\"]\n\nFor electronic tickets email us at <a href=\"mailto:tickets@vettickets.ca\">tickets@vettickets.ca<\/a> or transfer through Ticketmaster or other e-transfer through hosting site.\n\nIf you have hard copy tickets you would like to donate, we ask that donors courier the tickets to our office at:\n\nVeterans and First Responders Foundation of Canada\n1684 Dufferin Street\nToronto, ON M6H 3M1\n\n[\/et_pb_text][\/et_pb_column][\/et_pb_row][\/et_pb_section]","_et_gb_content_width":"","footnotes":""},"class_list":["post-203","page","type-page","status-publish","hentry"],"campaignId":"","featured_image_src":null,"featured_image_src_square":null,"_links":{"self":[{"href":"https:\/\/vettickets.ca\/index.php?rest_route=\/wp\/v2\/pages\/203","targetHints":{"allow":["GET"]}}],"collection":[{"href":"https:\/\/vettickets.ca\/index.php?rest_route=\/wp\/v2\/pages"}],"about":[{"href":"https:\/\/vettickets.ca\/index.php?rest_route=\/wp\/v2\/types\/page"}],"author":[{"embeddable":true,"href":"https:\/\/vettickets.ca\/index.php?rest_route=\/wp\/v2\/users\/1"}],"replies":[{"embeddable":true,"href":"https:\/\/vettickets.ca\/index.php?rest_route=%2Fwp%2Fv2%2Fcomments&post=203"}],"version-history":[{"count":0,"href":"https:\/\/vettickets.ca\/index.php?rest_route=\/wp\/v2\/pages\/203\/revisions"}],"wp:attachment":[{"href":"https:\/\/vettickets.ca\/index.php?rest_route=%2Fwp%2Fv2%2Fmedia&parent=203"}],"curies":[{"name":"wp","href":"https:\/\/api.w.org\/{rel}","templated":true}]}}