{"id":204,"date":"2021-09-07T19:55:59","date_gmt":"2021-09-07T19:55:59","guid":{"rendered":"https:\/\/vettickets.ca\/?page_id=204"},"modified":"2021-09-07T20:47:00","modified_gmt":"2021-09-07T20:47:00","slug":"retour-dinformation","status":"publish","type":"page","link":"https:\/\/vettickets.ca\/?page_id=204&lang=fr","title":{"rendered":"Retour d\u2019information"},"content":{"rendered":"<p>[et_pb_section fb_built=&#8221;1&#8243; fullwidth=&#8221;on&#8221; _builder_version=&#8221;4.9.9&#8243; _module_preset=&#8221;default&#8221;][et_pb_fullwidth_header background_overlay_color=&#8221;rgba(10,10,10,0.57)&#8221; _builder_version=&#8221;4.9.9&#8243; _module_preset=&#8221;default&#8221; title_font=&#8221;Times New Roman|700|||||||&#8221; title_text_align=&#8221;center&#8221; title_text_color=&#8221;#000000&#8243; title_font_size=&#8221;57px&#8221; background_image=&#8221;https:\/\/vettickets.ca\/wp-content\/uploads\/2021\/07\/20581891340_7541e6fb79_k-e1626462501770.jpg&#8221; background_layout=&#8221;light&#8221; min_height=&#8221;432px&#8221; custom_padding=&#8221;153px|||||&#8221;]<\/p>\n<h1 style=\"text-align: center;\"><span style=\"color: #ffffff;\">Aidez \u00e0 honorer les v\u00e9t\u00e9rans canadiens.<\/span><\/h1>\n<h1 style=\"text-align: center;\"><span style=\"color: #ff0000;\">Offrez la joie d\u2019\u00eatre fan.<\/span><\/h1>\n<p>[\/et_pb_fullwidth_header][\/et_pb_section][et_pb_section fb_built=&#8221;1&#8243; fullwidth=&#8221;on&#8221; _builder_version=&#8221;4.9.9&#8243; _module_preset=&#8221;default&#8221;][et_pb_fullwidth_image _builder_version=&#8221;4.9.9&#8243; _module_preset=&#8221;default&#8221; background_color=&#8221;#E02B20&#8243; height=&#8221;15px&#8221;][\/et_pb_fullwidth_image][\/et_pb_section][et_pb_section fb_built=&#8221;1&#8243; _builder_version=&#8221;4.9.9&#8243; _module_preset=&#8221;default&#8221; custom_padding=&#8221;6px||6px|||&#8221;][et_pb_row _builder_version=&#8221;4.9.9&#8243; _module_preset=&#8221;default&#8221;][et_pb_column type=&#8221;4_4&#8243; _builder_version=&#8221;4.9.9&#8243; _module_preset=&#8221;default&#8221;][et_pb_text _builder_version=&#8221;4.9.9&#8243; _module_preset=&#8221;default&#8221; text_font=&#8221;Times New Roman||||||||&#8221; text_font_size=&#8221;23px&#8221; text_line_height=&#8221;1.3em&#8221; header_font=&#8221;Times New Roman|700|||||||&#8221; header_text_align=&#8221;center&#8221; header_text_color=&#8221;#000000&#8243; header_font_size=&#8221;40px&#8221; text_orientation=&#8221;center&#8221;]<\/p>\n<h1>ENVOYEZ-NOUS VOS COMMENTAIRES<\/h1>\n<p>[\/et_pb_text][\/et_pb_column][\/et_pb_row][\/et_pb_section][et_pb_section fb_built=&#8221;1&#8243; _builder_version=&#8221;4.9.9&#8243; _module_preset=&#8221;default&#8221; custom_padding=&#8221;4px|||||&#8221;][et_pb_row column_structure=&#8221;1_3,2_3&#8243; _builder_version=&#8221;4.9.9&#8243; _module_preset=&#8221;default&#8221;][et_pb_column type=&#8221;1_3&#8243; _builder_version=&#8221;4.9.9&#8243; _module_preset=&#8221;default&#8221;][et_pb_text _builder_version=&#8221;4.9.9&#8243; _module_preset=&#8221;default&#8221;]<\/p>\n<h3>Partage tes pens\u00e9es<\/h3>\n<p>Nous aimerions conna\u00eetre votre exp\u00e9rience avec nous!<\/p>\n<p>Envoyez vos photos \u00e0 <a href=\"mailto:info@vettickets.ca\">info@vettickets.ca<\/a><\/p>\n<p>[\/et_pb_text][\/et_pb_column][et_pb_column type=&#8221;2_3&#8243; _builder_version=&#8221;4.9.9&#8243; _module_preset=&#8221;default&#8221;][et_pb_code _builder_version=&#8221;4.9.9&#8243; _module_preset=&#8221;default&#8221;]<div class=\"wpforms-container wpforms-container-full\" id=\"wpforms-213\"><form id=\"wpforms-form-213\" class=\"wpforms-validate wpforms-form wpforms-ajax-form\" data-formid=\"213\" method=\"post\" enctype=\"multipart\/form-data\" action=\"\/index.php?rest_route=%2Fwp%2Fv2%2Fpages%2F204\" data-token=\"2cc1934ae590da3534dad197f6491947\" data-token-time=\"1776780254\"><noscript class=\"wpforms-error-noscript\">Please enable JavaScript in your browser to complete this form.<\/noscript><div class=\"wpforms-field-container\"><div id=\"wpforms-213-field_0-container\" class=\"wpforms-field wpforms-field-name\" data-field-id=\"0\"><label class=\"wpforms-field-label\" for=\"wpforms-213-field_0\">Nom <span class=\"wpforms-required-label\">*<\/span><\/label><input type=\"text\" id=\"wpforms-213-field_0\" class=\"wpforms-field-large wpforms-field-required\" name=\"wpforms[fields][0]\" required><\/div><div id=\"wpforms-213-field_1-container\" class=\"wpforms-field wpforms-field-email\" data-field-id=\"1\"><label class=\"wpforms-field-label\" for=\"wpforms-213-field_1\">E-mail <span class=\"wpforms-required-label\">*<\/span><\/label><input type=\"email\" id=\"wpforms-213-field_1\" class=\"wpforms-field-large wpforms-field-required\" name=\"wpforms[fields][1]\" spellcheck=\"false\" required><\/div><div id=\"wpforms-213-field_2-container\" class=\"wpforms-field wpforms-field-textarea\" data-field-id=\"2\"><label class=\"wpforms-field-label\" for=\"wpforms-213-field_2\">Commentaire ou Message <span class=\"wpforms-required-label\">*<\/span><\/label><textarea id=\"wpforms-213-field_2\" class=\"wpforms-field-medium wpforms-field-required\" name=\"wpforms[fields][2]\" required><\/textarea><\/div><\/div><!-- .wpforms-field-container --><div class=\"wpforms-recaptcha-container wpforms-is-recaptcha wpforms-is-recaptcha-type-v3\" ><input type=\"hidden\" name=\"wpforms[recaptcha]\" value=\"\"><\/div><div class=\"wpforms-submit-container\" ><input type=\"hidden\" name=\"wpforms[id]\" value=\"213\"><input type=\"hidden\" name=\"page_title\" value=\"\"><input type=\"hidden\" name=\"page_url\" value=\"https:\/\/vettickets.ca\/index.php?rest_route=\/wp\/v2\/pages\/204\"><input type=\"hidden\" name=\"url_referer\" value=\"\"><button type=\"submit\" name=\"wpforms[submit]\" id=\"wpforms-submit-213\" class=\"wpforms-submit\" data-alt-text=\"Soumettre...\" data-submit-text=\"Soumettre\" aria-live=\"assertive\" value=\"wpforms-submit\">Soumettre<\/button><img loading=\"lazy\" decoding=\"async\" src=\"https:\/\/vettickets.ca\/wp-content\/plugins\/wpforms\/assets\/images\/submit-spin.svg\" class=\"wpforms-submit-spinner\" style=\"display: none;\" width=\"26\" height=\"26\" alt=\"Loading\"><\/div><\/form><\/div>  <!-- .wpforms-container -->[\/et_pb_code][\/et_pb_column][\/et_pb_row][\/et_pb_section][et_pb_section fb_built=&#8221;1&#8243; _builder_version=&#8221;4.9.9&#8243; _module_preset=&#8221;default&#8221; custom_padding=&#8221;8px||31px|||&#8221;][et_pb_row _builder_version=&#8221;4.9.9&#8243; _module_preset=&#8221;default&#8221;][et_pb_column type=&#8221;4_4&#8243; _builder_version=&#8221;4.9.9&#8243; _module_preset=&#8221;default&#8221;][et_pb_text _builder_version=&#8221;4.9.9&#8243; _module_preset=&#8221;default&#8221; text_font=&#8221;Times New Roman||||||||&#8221; text_font_size=&#8221;23px&#8221; text_line_height=&#8221;1.3em&#8221; header_font=&#8221;Times New Roman|700|||||||&#8221; header_text_align=&#8221;center&#8221; header_text_color=&#8221;#000000&#8243; header_font_size=&#8221;40px&#8221; text_orientation=&#8221;center&#8221;]<\/p>\n<h1>CR\u00c9ER DES SOUVENIRS \u00c9TERNELS<\/h1>\n<p>Scannez et t\u00e9l\u00e9chargez simplement votre billet pour qu&#8217;il soit donn\u00e9 \u00e0 un v\u00e9t\u00e9ran canadien m\u00e9ritant.<\/p>\n<p>Vous n&#8217;avez pas de billets ? 100% de tous les dons en esp\u00e8ces sont affect\u00e9s \u00e0 l&#8217;achat et \u00e0 la distribution de plus de billets pour nos v\u00e9t\u00e9rans.<\/p>\n<p>[\/et_pb_text][\/et_pb_column][\/et_pb_row][et_pb_row column_structure=&#8221;1_2,1_2&#8243; _builder_version=&#8221;4.9.9&#8243; _module_preset=&#8221;default&#8221;][et_pb_column type=&#8221;1_2&#8243; _builder_version=&#8221;4.9.9&#8243; _module_preset=&#8221;default&#8221;][et_pb_button button_url=&#8221;https:\/\/vettickets.ca\/?page_id=203&#038;lang=fr&#8221; button_text=&#8221;Je suis un v\u00e9t\u00e9ran&#8221; button_alignment=&#8221;right&#8221; button_alignment_tablet=&#8221;&#8221; button_alignment_phone=&#8221;center&#8221; button_alignment_last_edited=&#8221;on|phone&#8221; _builder_version=&#8221;4.9.9&#8243; _module_preset=&#8221;default&#8221; custom_button=&#8221;on&#8221; button_text_size=&#8221;30px&#8221; button_text_color=&#8221;#FFFFFF&#8221; button_bg_color=&#8221;#E02B20&#8243; button_font=&#8221;Times New Roman|700|||||||&#8221; button_use_icon=&#8221;off&#8221; custom_padding=&#8221;|80px||80px|false|false&#8221; hover_enabled=&#8221;0&#8243; sticky_enabled=&#8221;0&#8243;][\/et_pb_button][\/et_pb_column][et_pb_column type=&#8221;1_2&#8243; _builder_version=&#8221;4.9.9&#8243; _module_preset=&#8221;default&#8221;][et_pb_button button_url=&#8221;https:\/\/vettickets.ca\/?page_id=205&#038;lang=fr&#8221; button_text=&#8221;Donnez vos billets&#8221; button_alignment=&#8221;left&#8221; button_alignment_tablet=&#8221;&#8221; button_alignment_phone=&#8221;center&#8221; button_alignment_last_edited=&#8221;on|phone&#8221; _builder_version=&#8221;4.9.9&#8243; _module_preset=&#8221;default&#8221; custom_button=&#8221;on&#8221; button_text_size=&#8221;30px&#8221; button_text_color=&#8221;#FFFFFF&#8221; button_bg_color=&#8221;#E02B20&#8243; button_font=&#8221;Times New Roman|700|||||||&#8221; button_use_icon=&#8221;off&#8221; hover_enabled=&#8221;0&#8243; sticky_enabled=&#8221;0&#8243;][\/et_pb_button][\/et_pb_column][\/et_pb_row][\/et_pb_section]<\/p>\n","protected":false},"excerpt":{"rendered":"<p>Aidez \u00e0 honorer les v\u00e9t\u00e9rans canadiens. Offrez la joie d\u2019\u00eatre fan.ENVOYEZ-NOUS VOS COMMENTAIRESPartage tes pens\u00e9es Nous aimerions conna\u00eetre votre exp\u00e9rience avec nous! Envoyez vos photos \u00e0 info@vettickets.ca<div class=\"wpforms-container wpforms-container-full\" id=\"wpforms-213\"><form id=\"wpforms-form-213\" class=\"wpforms-validate wpforms-form wpforms-ajax-form\" data-formid=\"213\" method=\"post\" enctype=\"multipart\/form-data\" action=\"\/index.php?rest_route=%2Fwp%2Fv2%2Fpages%2F204\" data-token=\"2cc1934ae590da3534dad197f6491947\" data-token-time=\"1776780254\"><noscript class=\"wpforms-error-noscript\">Please enable JavaScript in your browser to complete this form.<\/noscript><div class=\"wpforms-field-container\"><div id=\"wpforms-213-field_0-container\" class=\"wpforms-field wpforms-field-name\" data-field-id=\"0\"><label class=\"wpforms-field-label\" for=\"wpforms-213-field_0\">Nom <span class=\"wpforms-required-label\">*<\/span><\/label><input type=\"text\" id=\"wpforms-213-field_0\" class=\"wpforms-field-large wpforms-field-required\" name=\"wpforms[fields][0]\" required><\/div><div id=\"wpforms-213-field_1-container\" class=\"wpforms-field wpforms-field-email\" data-field-id=\"1\"><label class=\"wpforms-field-label\" for=\"wpforms-213-field_1\">E-mail <span class=\"wpforms-required-label\">*<\/span><\/label><input type=\"email\" id=\"wpforms-213-field_1\" class=\"wpforms-field-large wpforms-field-required\" name=\"wpforms[fields][1]\" spellcheck=\"false\" required><\/div><div id=\"wpforms-213-field_2-container\" class=\"wpforms-field wpforms-field-textarea\" data-field-id=\"2\"><label class=\"wpforms-field-label\" for=\"wpforms-213-field_2\">Commentaire ou Message <span class=\"wpforms-required-label\">*<\/span><\/label><textarea id=\"wpforms-213-field_2\" class=\"wpforms-field-medium wpforms-field-required\" name=\"wpforms[fields][2]\" required><\/textarea><\/div><\/div><!-- .wpforms-field-container --><div class=\"wpforms-recaptcha-container wpforms-is-recaptcha wpforms-is-recaptcha-type-v3\" ><input type=\"hidden\" name=\"wpforms[recaptcha]\" value=\"\"><\/div><div class=\"wpforms-submit-container\" ><input type=\"hidden\" name=\"wpforms[id]\" value=\"213\"><input type=\"hidden\" name=\"page_title\" value=\"\"><input type=\"hidden\" name=\"page_url\" value=\"https:\/\/vettickets.ca\/index.php?rest_route=\/wp\/v2\/pages\/204\"><input type=\"hidden\" name=\"url_referer\" value=\"\"><button type=\"submit\" name=\"wpforms[submit]\" id=\"wpforms-submit-213\" class=\"wpforms-submit\" data-alt-text=\"Soumettre...\" data-submit-text=\"Soumettre\" aria-live=\"assertive\" value=\"wpforms-submit\">Soumettre<\/button><img loading=\"lazy\" decoding=\"async\" src=\"https:\/\/vettickets.ca\/wp-content\/plugins\/wpforms\/assets\/images\/submit-spin.svg\" class=\"wpforms-submit-spinner\" style=\"display: none;\" width=\"26\" height=\"26\" alt=\"Loading\"><\/div><\/form><\/div>  <!-- .wpforms-container -->CR\u00c9ER DES SOUVENIRS \u00c9TERNELS Scannez et t\u00e9l\u00e9chargez simplement votre billet pour qu&#8217;il soit donn\u00e9 \u00e0 un v\u00e9t\u00e9ran canadien m\u00e9ritant. Vous n&#8217;avez pas de billets ? 100% de tous [&hellip;]<\/p>\n","protected":false},"author":1,"featured_media":0,"parent":0,"menu_order":0,"comment_status":"closed","ping_status":"closed","template":"","meta":{"give_campaign_id":0,"_et_pb_use_builder":"on","_et_pb_old_content":"[et_pb_section fb_built=\"1\" fullwidth=\"on\" _builder_version=\"4.9.9\" _module_preset=\"default\"][et_pb_fullwidth_header background_overlay_color=\"rgba(10,10,10,0.57)\" _builder_version=\"4.9.9\" _module_preset=\"default\" title_font=\"Times New Roman|700|||||||\" title_text_align=\"center\" title_text_color=\"#000000\" title_font_size=\"57px\" background_image=\"https:\/\/vettickets.ca\/wp-content\/uploads\/2021\/07\/20581891340_7541e6fb79_k-e1626462501770.jpg\" background_layout=\"light\" min_height=\"432px\" custom_padding=\"153px|||||\"]\n<h1 style=\"text-align: center;\"><span style=\"color: #ffffff;\"><strong>Help honour Canadian Veterans<\/strong><\/span><\/h1>\n<h1 style=\"text-align: center;\"><strong><span style=\"color: #ff0000;\">Gift the joy of being a fan<\/span><\/strong><\/h1>\n[\/et_pb_fullwidth_header][\/et_pb_section][et_pb_section fb_built=\"1\" fullwidth=\"on\" _builder_version=\"4.9.9\" _module_preset=\"default\"][et_pb_fullwidth_image _builder_version=\"4.9.9\" _module_preset=\"default\" background_color=\"#E02B20\" height=\"15px\"][\/et_pb_fullwidth_image][\/et_pb_section][et_pb_section fb_built=\"1\" _builder_version=\"4.9.9\" _module_preset=\"default\" custom_padding=\"6px||6px|||\"][et_pb_row _builder_version=\"4.9.9\" _module_preset=\"default\"][et_pb_column type=\"4_4\" _builder_version=\"4.9.9\" _module_preset=\"default\"][et_pb_text _builder_version=\"4.9.9\" _module_preset=\"default\" text_font=\"Times New Roman||||||||\" text_font_size=\"23px\" text_line_height=\"1.3em\" header_font=\"Times New Roman|700|||||||\" header_text_align=\"center\" header_text_color=\"#000000\" header_font_size=\"40px\" text_orientation=\"center\"]\n<h1>SEND US YOUR FEEDBACK<\/h1>\n[\/et_pb_text][\/et_pb_column][\/et_pb_row][\/et_pb_section][et_pb_section fb_built=\"1\" _builder_version=\"4.9.9\" _module_preset=\"default\" custom_padding=\"4px|||||\"][et_pb_row column_structure=\"1_3,2_3\" _builder_version=\"4.9.9\" _module_preset=\"default\"][et_pb_column type=\"1_3\" _builder_version=\"4.9.9\" _module_preset=\"default\"][et_pb_text _builder_version=\"4.9.9\" _module_preset=\"default\"]\n<h3><strong>Share your thoughts<\/strong><\/h3>\nWe would love to know your experience with us!&nbsp;\n\nSend your photos to<span>&nbsp;<\/span><a href=\"mailto:info@vettickets.ca\" target=\"_top\" rel=\"noopener\">info@vettickets.ca<\/a>\n\n[\/et_pb_text][\/et_pb_column][et_pb_column type=\"2_3\" _builder_version=\"4.9.9\" _module_preset=\"default\"][et_pb_code _builder_version=\"4.9.9\" _module_preset=\"default\"][wpforms id=\"161\"][\/et_pb_code][\/et_pb_column][\/et_pb_row][\/et_pb_section][et_pb_section fb_built=\"1\" _builder_version=\"4.9.9\" _module_preset=\"default\" custom_padding=\"8px||31px|||\"][et_pb_row _builder_version=\"4.9.9\" _module_preset=\"default\"][et_pb_column type=\"4_4\" _builder_version=\"4.9.9\" _module_preset=\"default\"][et_pb_text _builder_version=\"4.9.9\" _module_preset=\"default\" text_font=\"Times New Roman||||||||\" text_font_size=\"23px\" text_line_height=\"1.3em\" header_font=\"Times New Roman|700|||||||\" header_text_align=\"center\" header_text_color=\"#000000\" header_font_size=\"40px\" text_orientation=\"center\"]\n<h1>CREATING EVERLASTING MEMORIES<\/h1>\nSimply scan and upload your ticket to have it donated to a deserving Canadian Veteran.\nDon't have any tickets? 100% of all cash donations are allocated to purchasing and distributing more tickets for our Veterans.\n\n[\/et_pb_text][\/et_pb_column][\/et_pb_row][et_pb_row column_structure=\"1_2,1_2\" _builder_version=\"4.9.9\" _module_preset=\"default\"][et_pb_column type=\"1_2\" _builder_version=\"4.9.9\" _module_preset=\"default\"][et_pb_button button_url=\"https:\/\/vettickets.ca\/?page_id=126\" button_text=\"I AM A VETERAN\" button_alignment=\"right\" button_alignment_tablet=\"\" button_alignment_phone=\"center\" button_alignment_last_edited=\"on|phone\" _builder_version=\"4.9.9\" _module_preset=\"default\" custom_button=\"on\" button_text_size=\"30px\" button_text_color=\"#FFFFFF\" button_bg_color=\"#E02B20\" button_font=\"Times New Roman|700|||||||\" button_use_icon=\"off\" custom_padding=\"|80px||80px|false|false\"][\/et_pb_button][\/et_pb_column][et_pb_column type=\"1_2\" _builder_version=\"4.9.9\" _module_preset=\"default\"][et_pb_button button_url=\"https:\/\/vettickets.ca\/?page_id=108\" button_text=\"DONATE YOUR TICKETS\" button_alignment=\"left\" button_alignment_tablet=\"\" button_alignment_phone=\"center\" button_alignment_last_edited=\"on|phone\" _builder_version=\"4.9.9\" _module_preset=\"default\" custom_button=\"on\" button_text_size=\"30px\" button_text_color=\"#FFFFFF\" button_bg_color=\"#E02B20\" button_font=\"Times New Roman|700|||||||\" button_use_icon=\"off\"][\/et_pb_button][\/et_pb_column][\/et_pb_row][\/et_pb_section]","_et_gb_content_width":"","footnotes":""},"class_list":["post-204","page","type-page","status-publish","hentry"],"campaignId":"","featured_image_src":null,"featured_image_src_square":null,"_links":{"self":[{"href":"https:\/\/vettickets.ca\/index.php?rest_route=\/wp\/v2\/pages\/204","targetHints":{"allow":["GET"]}}],"collection":[{"href":"https:\/\/vettickets.ca\/index.php?rest_route=\/wp\/v2\/pages"}],"about":[{"href":"https:\/\/vettickets.ca\/index.php?rest_route=\/wp\/v2\/types\/page"}],"author":[{"embeddable":true,"href":"https:\/\/vettickets.ca\/index.php?rest_route=\/wp\/v2\/users\/1"}],"replies":[{"embeddable":true,"href":"https:\/\/vettickets.ca\/index.php?rest_route=%2Fwp%2Fv2%2Fcomments&post=204"}],"version-history":[{"count":0,"href":"https:\/\/vettickets.ca\/index.php?rest_route=\/wp\/v2\/pages\/204\/revisions"}],"wp:attachment":[{"href":"https:\/\/vettickets.ca\/index.php?rest_route=%2Fwp%2Fv2%2Fmedia&parent=204"}],"curies":[{"name":"wp","href":"https:\/\/api.w.org\/{rel}","templated":true}]}}